{"id":34,"date":"2017-05-03T13:06:21","date_gmt":"2017-05-03T13:06:21","guid":{"rendered":"http:\/\/xn--prschken-n4a.de\/?page_id=34"},"modified":"2017-05-03T13:08:10","modified_gmt":"2017-05-03T13:08:10","slug":"die-kirche-von-prschken","status":"publish","type":"page","link":"http:\/\/xn--prschken-n4a.de\/?page_id=34","title":{"rendered":"Die Kirche von P&ouml;rschken"},"content":{"rendered":"<p>Emil Johannes Guttzeit schreibt im Buch \u201cDer Kreis Heiligenbeil\u201d \u00fcber die Kirche:<\/p>\n<blockquote><p><a href=\"https:\/\/i0.wp.com\/xn--prschken-n4a.de\/wp-content\/uploads\/2017\/05\/kirche4.jpg\"><img data-recalc-dims=\"1\" loading=\"lazy\" decoding=\"async\" style=\"margin: 0px 5px 0px 0px; border: 0px currentcolor; padding-top: 0px; padding-right: 0px; padding-left: 0px; float: left; display: inline; background-image: none;\" title=\"kirche4\" src=\"https:\/\/i0.wp.com\/xn--prschken-n4a.de\/wp-content\/uploads\/2017\/05\/kirche4_thumb.jpg?resize=169%2C244\" alt=\"kirche4\" width=\"169\" height=\"244\" align=\"left\" border=\"0\" \/><\/a>In dem fr\u00fch gegr\u00fcndeten Dorf d\u00fcrfte schon zu Anfang des 14. Jahrhunderts eine Kirche erbaut sein. Sie ist sp\u00e4ter, vermutlich im 15. Jahrhunderts , vergr\u00f6\u00dfert worden. Daf\u00fcr sprechen die gestreckte Form des chorlosen, einschiffigen, auf einem Feldstein\u00adfundament errichteten Backsteinbaus, \u00bbAbweichungen vom rechten Winkel und die nicht achsialen Fenster\u00ab. Die S\u00fcdseite ist au\u00dfen und innen mit Blenden gegliedert. Der Westseite ist der m\u00e4chtige Feldsteinunterbau des Turmes vorge\u00adlegt; der zur\u00fcckspringende blendengegliederte Oberbau ist 1676 aufgef\u00fchrt. In ihm h\u00e4ngen zwei Glocken von 1769 und 1839.<\/p>\n<p>Die bemalte Korbbogendecke des Kir\u00adchenschiffs aus der Zeit um 1738 zeigt \u00bbgro\u00df\u00adz\u00fcgige und starkfarbige Komposition\u00ab, im Spiegel die Verkl\u00e4rung, in den umgebenden Medaillons Geburt und Leiden Christi, der Grund ist mit Ranken und Bandelwerk aus\u00adgef\u00fcllt. Der gro\u00dfe, reichverzierte Kanzelaltar von 1731 offenbart klare Verh\u00e4ltnisse und gute Stilformen. Der Beichtstuhl ist um 1730 von demselben Meister gefertigt, der den Altar geschaffen hat. Der Herrschaftsstand, um 1614 hergestellt, hat in den F\u00fcllungen kr\u00e4ftige, gemalte Halbfiguren der Evange\u00adlisten. Die kleine, gut dekorierte Orgel stammt von 1705. Das Epitaph f\u00fcr Anna Maria von Sparwein ( \u2020 1614), das in der Mitte ein Gem\u00e4lde des auffahrenden Heilan\u00addes zeigt, ist eines der besten Werke des ostpreu\u00dfischen Manierismus (Vorl\u00e4ufer des Barock). Ein kleiner Kruzifixus aus der Zeit um 1520 ist um 1660 mit Konsole und Deko\u00adration versehen. Aus dem 14. Jh. stammt ein vergoldeter silberner Kelch, gestiftet von der pru\u00dfischen Familie Myluke, die Namen der einzelnen Mitglieder sind auf dem Sechspa\u00df des Fu\u00dfes graviert. K\u00fcnst\u00adlerisch wertvoll sind auch die Grabm\u00e4ler aus dem 16. Jh. Die beiden Kronleuchter aus Messing mit dem Doppeladler stammen von 1661 bzw. aus dem Ende des 17. Jahrhunderts.<\/p><\/blockquote>\n<p>Im 2. Weltkrieg wurde insbesondere der Turmhelm zerst\u00f6rt und das Kirchenschiff brannte aus. Nach Zeiten des Verfalls beschloss man jedoch, die Ruine als Lagerhalle einzurichten. Eineinhalb Meter des Mauerwerks trug man daf\u00fcr ab und versah die Halle mit einem Dach aus Asbestzementplatten. Im nord\u00f6stlichen Kirchenabschnitt brach man eine \u00d6ffnung f\u00fcr LKWs in die Wand, Turmeingang und Zugang zur nicht mehr existierenden Sakristei wurden zugemauert, Fenster mit Brettern verschalt. Inzwischen steht die Kirche leer. Der Turm existiert nur noch als Stumpf.<\/p>\n<div id=\"scid:66721397-FF69-4ca6-AEC4-17E6B3208830:f47c015a-8d31-4d8c-be15-690d3d2d5f02\" class=\"wlWriterEditableSmartContent\" style=\"margin: 0px; padding: 0px; float: none; display: inline;\"><\/div>\n","protected":false},"excerpt":{"rendered":"<p>Emil Johannes Guttzeit schreibt im Buch \u201cDer Kreis Heiligenbeil\u201d \u00fcber die Kirche: In dem fr\u00fch gegr\u00fcndeten Dorf d\u00fcrfte schon zu Anfang des 14. Jahrhunderts eine Kirche erbaut sein. Sie ist sp\u00e4ter, vermutlich im 15. Jahrhunderts , vergr\u00f6\u00dfert worden. Daf\u00fcr sprechen die gestreckte Form des chorlosen, einschiffigen, auf einem Feldstein\u00adfundament errichteten Backsteinbaus, \u00bbAbweichungen vom rechten Winkel &hellip; <\/p>\n<p><a class=\"more-link btn\" href=\"http:\/\/xn--prschken-n4a.de\/?page_id=34\">Weiterlesen<\/a><\/p>\n","protected":false},"author":1,"featured_media":0,"parent":0,"menu_order":0,"comment_status":"closed","ping_status":"closed","template":"","meta":{"jetpack_post_was_ever_published":false,"footnotes":""},"class_list":["post-34","page","type-page","status-publish","hentry","nodate","item-wrap"],"jetpack_sharing_enabled":true,"jetpack_shortlink":"https:\/\/wp.me\/P3zytc-y","jetpack-related-posts":[{"id":58,"url":"http:\/\/xn--prschken-n4a.de\/?page_id=58","url_meta":{"origin":34,"position":0},"title":"Empfehlungen","author":"CP","date":"Mai 4, 2017","format":false,"excerpt":"Kreisgemeinschaft Heiligenbeil Stadtgemeinschaft Zinten Heiligenbeil-Rosenberg\u00a0 Kirchspiel P\u00f6rschken Kirchspiel Bladiau Kirchspiel Balga LANDSMANNSCHAFT OSTPREU\u00dfEN Bund Junges Ostpreu\u00dfen","rel":"","context":"\u00c4hnlicher Beitrag","block_context":{"text":"\u00c4hnlicher Beitrag","link":""},"img":{"alt_text":"","src":"","width":0,"height":0},"classes":[]},{"id":21,"url":"http:\/\/xn--prschken-n4a.de\/","url_meta":{"origin":34,"position":1},"title":"Startseite","author":"CP","date":"Mai 3, 2017","format":false,"excerpt":"Guten Tag! Wir begr\u00fc\u00dfen Sie auf der Seite des Kirchspiels P\u00f6rschken im Kreis Heiligenbeil. Sollten Sie Bilder oder Aufzeichnungen besitz, die Sie uns zur Verf\u00fcgung stellen m\u00f6chten, freuen wir uns sehr! Es gr\u00fc\u00dft Sie herzlich Christian Perbandt","rel":"","context":"\u00c4hnlicher Beitrag","block_context":{"text":"\u00c4hnlicher Beitrag","link":""},"img":{"alt_text":"","src":"","width":0,"height":0},"classes":[]},{"id":109,"url":"http:\/\/xn--prschken-n4a.de\/?page_id=109","url_meta":{"origin":34,"position":2},"title":"Impressum","author":"CP","date":"Mai 24, 2018","format":false,"excerpt":"Verantwortlich f\u00fcr die Seite: Verantwortlich f\u00fcr die Seite: Angaben gem\u00e4\u00df \u00a7 5 TMG: Christian Perbandt Im Stegefeld 1 31275 Lehrte e-post: e-Mail: perbandt@kreisgemeinschaft-heiligenbeil.de Tel.: 05132-57052 Verantwortlich f\u00fcr den Inhalt nach \u00a7 55 Abs. 2 RStV: Christian Perbandt Im Stegefeld 1 31275 Lehrte Bei dem Inhalt unserer Internetseiten handelt es sich\u2026","rel":"","context":"\u00c4hnlicher Beitrag","block_context":{"text":"\u00c4hnlicher Beitrag","link":""},"img":{"alt_text":"","src":"","width":0,"height":0},"classes":[]},{"id":105,"url":"http:\/\/xn--prschken-n4a.de\/?page_id=105","url_meta":{"origin":34,"position":3},"title":"Datenschutzerkl\u00e4rung","author":"CP","date":"Mai 24, 2018","format":false,"excerpt":"Diese Datenschutzerkl\u00e4rung kl\u00e4rt Sie \u00fcber die Art, den Umfang und Zweck der Verarbeitung von personenbezogenen Daten (nachfolgend kurz \u201eDaten\u201c) innerhalb unseres Onlineangebotes und der mit ihm verbundenen Webseiten, Funktionen und Inhalte sowie externen Onlinepr\u00e4senzen, wie z.B. unser Social Media Profile auf (nachfolgend gemeinsam bezeichnet als \u201eOnlineangebot\u201c). Im Hinblick auf die\u2026","rel":"","context":"\u00c4hnlicher Beitrag","block_context":{"text":"\u00c4hnlicher Beitrag","link":""},"img":{"alt_text":"","src":"","width":0,"height":0},"classes":[]}],"_links":{"self":[{"href":"http:\/\/xn--prschken-n4a.de\/index.php?rest_route=\/wp\/v2\/pages\/34","targetHints":{"allow":["GET"]}}],"collection":[{"href":"http:\/\/xn--prschken-n4a.de\/index.php?rest_route=\/wp\/v2\/pages"}],"about":[{"href":"http:\/\/xn--prschken-n4a.de\/index.php?rest_route=\/wp\/v2\/types\/page"}],"author":[{"embeddable":true,"href":"http:\/\/xn--prschken-n4a.de\/index.php?rest_route=\/wp\/v2\/users\/1"}],"replies":[{"embeddable":true,"href":"http:\/\/xn--prschken-n4a.de\/index.php?rest_route=%2Fwp%2Fv2%2Fcomments&post=34"}],"version-history":[{"count":2,"href":"http:\/\/xn--prschken-n4a.de\/index.php?rest_route=\/wp\/v2\/pages\/34\/revisions"}],"predecessor-version":[{"id":36,"href":"http:\/\/xn--prschken-n4a.de\/index.php?rest_route=\/wp\/v2\/pages\/34\/revisions\/36"}],"wp:attachment":[{"href":"http:\/\/xn--prschken-n4a.de\/index.php?rest_route=%2Fwp%2Fv2%2Fmedia&parent=34"}],"curies":[{"name":"wp","href":"https:\/\/api.w.org\/{rel}","templated":true}]}}