{"id":21,"date":"2017-05-03T06:06:00","date_gmt":"2017-05-03T06:06:00","guid":{"rendered":"http:\/\/xn--prschken-n4a.de\/?page_id=21"},"modified":"2018-05-24T15:14:26","modified_gmt":"2018-05-24T15:14:26","slug":"startseite","status":"publish","type":"page","link":"http:\/\/xn--prschken-n4a.de\/","title":{"rendered":"Startseite"},"content":{"rendered":"<p>Guten Tag!<\/p>\n<p>Wir begr\u00fc\u00dfen Sie auf der Seite des Kirchspiels P\u00f6rschken im Kreis Heiligenbeil.<\/p>\n<p>Sollten Sie Bilder oder Aufzeichnungen besitz, die Sie uns zur Verf\u00fcgung stellen m\u00f6chten, freuen wir uns sehr!<\/p>\n<p>Es gr\u00fc\u00dft Sie herzlich<\/p>\n<p>Christian Perbandt<\/p>\n","protected":false},"excerpt":{"rendered":"<p>Guten Tag! Wir begr\u00fc\u00dfen Sie auf der Seite des Kirchspiels P\u00f6rschken im Kreis Heiligenbeil. Sollten Sie Bilder oder Aufzeichnungen besitz, die Sie uns zur Verf\u00fcgung stellen m\u00f6chten, freuen wir uns sehr! Es gr\u00fc\u00dft Sie herzlich Christian Perbandt<\/p>\n","protected":false},"author":1,"featured_media":0,"parent":0,"menu_order":0,"comment_status":"closed","ping_status":"closed","template":"","meta":{"jetpack_post_was_ever_published":false,"footnotes":""},"class_list":["post-21","page","type-page","status-publish","hentry","nodate","item-wrap"],"jetpack_sharing_enabled":true,"jetpack_shortlink":"https:\/\/wp.me\/P3zytc-l","jetpack-related-posts":[],"_links":{"self":[{"href":"http:\/\/xn--prschken-n4a.de\/index.php?rest_route=\/wp\/v2\/pages\/21","targetHints":{"allow":["GET"]}}],"collection":[{"href":"http:\/\/xn--prschken-n4a.de\/index.php?rest_route=\/wp\/v2\/pages"}],"about":[{"href":"http:\/\/xn--prschken-n4a.de\/index.php?rest_route=\/wp\/v2\/types\/page"}],"author":[{"embeddable":true,"href":"http:\/\/xn--prschken-n4a.de\/index.php?rest_route=\/wp\/v2\/users\/1"}],"replies":[{"embeddable":true,"href":"http:\/\/xn--prschken-n4a.de\/index.php?rest_route=%2Fwp%2Fv2%2Fcomments&post=21"}],"version-history":[{"count":3,"href":"http:\/\/xn--prschken-n4a.de\/index.php?rest_route=\/wp\/v2\/pages\/21\/revisions"}],"predecessor-version":[{"id":119,"href":"http:\/\/xn--prschken-n4a.de\/index.php?rest_route=\/wp\/v2\/pages\/21\/revisions\/119"}],"wp:attachment":[{"href":"http:\/\/xn--prschken-n4a.de\/index.php?rest_route=%2Fwp%2Fv2%2Fmedia&parent=21"}],"curies":[{"name":"wp","href":"https:\/\/api.w.org\/{rel}","templated":true}]}}